{"id":2,"date":"2026-02-19T14:34:31","date_gmt":"2026-02-19T14:34:31","guid":{"rendered":"https:\/\/restaurantechinoasia.rkinformatika.online\/?page_id=2"},"modified":"2026-02-20T10:30:41","modified_gmt":"2026-02-20T10:30:41","slug":"inicio","status":"publish","type":"page","link":"https:\/\/restaurantechinoasia.com\/eu\/","title":{"rendered":"Hasiera"},"content":{"rendered":"\t\t<div data-elementor-type=\"wp-page\" data-elementor-id=\"2\" class=\"elementor elementor-2\" data-elementor-post-type=\"page\">\n\t\t\t\t<div class=\"elementor-element elementor-element-e686754 e-flex e-con-boxed e-con e-parent\" data-id=\"e686754\" data-element_type=\"container\" data-e-type=\"container\" data-settings=\"{&quot;background_background&quot;:&quot;slideshow&quot;,&quot;background_slideshow_gallery&quot;:[{&quot;id&quot;:155,&quot;url&quot;:&quot;https:\\\/\\\/restaurantechinoasia.com\\\/wp-content\\\/uploads\\\/2026\\\/02\\\/unnamed-19.jpg&quot;},{&quot;id&quot;:143,&quot;url&quot;:&quot;https:\\\/\\\/restaurantechinoasia.com\\\/wp-content\\\/uploads\\\/2026\\\/02\\\/unnamed-31.jpg&quot;},{&quot;id&quot;:167,&quot;url&quot;:&quot;https:\\\/\\\/restaurantechinoasia.com\\\/wp-content\\\/uploads\\\/2026\\\/02\\\/unnamed-7.jpg&quot;}],&quot;background_slideshow_loop&quot;:&quot;yes&quot;,&quot;background_slideshow_slide_duration&quot;:5000,&quot;background_slideshow_slide_transition&quot;:&quot;fade&quot;,&quot;background_slideshow_transition_duration&quot;:500}\">\n\t\t\t\t\t<div class=\"e-con-inner\">\n\t\t\t\t<div class=\"elementor-element elementor-element-fe7d46d elementor-widget__width-initial elementor-invisible elementor-widget elementor-widget-heading\" data-id=\"fe7d46d\" data-element_type=\"widget\" data-e-type=\"widget\" data-settings=\"{&quot;_animation&quot;:&quot;fadeInRight&quot;}\" data-widget_type=\"heading.default\">\n\t\t\t\t\t<h1 class=\"elementor-heading-title elementor-size-default\">\u00a1La magia de China Asia, servida en tu mesa!<\/h1>\t\t\t\t<\/div>\n\t\t\t\t\t<\/div>\n\t\t\t\t<\/div>\n\t\t<div class=\"elementor-element elementor-element-9082dd4 e-flex e-con-boxed e-con e-parent\" data-id=\"9082dd4\" data-element_type=\"container\" data-e-type=\"container\" data-settings=\"{&quot;shape_divider_top&quot;:&quot;tilt&quot;,&quot;shape_divider_bottom&quot;:&quot;tilt&quot;}\">\n\t\t\t\t\t<div class=\"e-con-inner\">\n\t\t\t\t<div class=\"elementor-shape elementor-shape-top\" aria-hidden=\"true\" data-negative=\"false\">\n\t\t\t<svg xmlns=\"http:\/\/www.w3.org\/2000\/svg\" viewBox=\"0 0 1000 100\" preserveAspectRatio=\"none\">\n\t<path class=\"elementor-shape-fill\" d=\"M0,6V0h1000v100L0,6z\"\/>\n<\/svg>\t\t<\/div>\n\t\t\t\t<div class=\"elementor-shape elementor-shape-bottom\" aria-hidden=\"true\" data-negative=\"false\">\n\t\t\t<svg xmlns=\"http:\/\/www.w3.org\/2000\/svg\" viewBox=\"0 0 1000 100\" preserveAspectRatio=\"none\">\n\t<path class=\"elementor-shape-fill\" d=\"M0,6V0h1000v100L0,6z\"\/>\n<\/svg>\t\t<\/div>\n\t\t<div class=\"elementor-element elementor-element-33e9992 e-con-full e-flex e-con e-child\" data-id=\"33e9992\" data-element_type=\"container\" data-e-type=\"container\">\n\t\t\t\t<div class=\"elementor-element elementor-element-44334fc elementor-widget elementor-widget-heading\" data-id=\"44334fc\" data-element_type=\"widget\" data-e-type=\"widget\" data-widget_type=\"heading.default\">\n\t\t\t\t\t<h2 class=\"elementor-heading-title elementor-size-default\">Sobre Nosotros<\/h2>\t\t\t\t<\/div>\n\t\t\t\t<div class=\"elementor-element elementor-element-c77e696 elementor-widget__width-initial elementor-widget elementor-widget-text-editor\" data-id=\"c77e696\" data-element_type=\"widget\" data-e-type=\"widget\" data-widget_type=\"text-editor.default\">\n\t\t\t\t\t\t\t\t\t<p>Ofrece una variada y fascinante selecci\u00f3n de platos chinos que deleitan a los amantes de la buena gastronom\u00eda.<\/p><p>Entre los m\u00e1s populares se encuentran, por supuesto, el delicioso arroz tres delicias, un cl\u00e1sico que combina sabores excepcionales; el arroz frito con pato asado, que a\u00f1ade un toque de sofisticaci\u00f3n; y los tallarines con ternera, que se han convertido en un favorito absoluto entre los comensales.<\/p>\t\t\t\t\t\t\t\t<\/div>\n\t\t\t\t<\/div>\n\t\t<div class=\"elementor-element elementor-element-ad77ba5 e-con-full e-flex e-con e-child\" data-id=\"ad77ba5\" data-element_type=\"container\" data-e-type=\"container\">\n\t\t\t\t<div class=\"elementor-element elementor-element-19b98ce elementor-widget elementor-widget-image\" data-id=\"19b98ce\" data-element_type=\"widget\" data-e-type=\"widget\" data-widget_type=\"image.default\">\n\t\t\t\t\t\t\t\t\t\t\t\t\t\t\t\t<a href=\"https:\/\/restaurantechinoasia.com\/wp-content\/uploads\/2026\/02\/unnamed-17.jpg\" data-elementor-open-lightbox=\"yes\" data-elementor-lightbox-title=\"unnamed (17)\" data-e-action-hash=\"#elementor-action%3Aaction%3Dlightbox%26settings%3DeyJpZCI6MTU3LCJ1cmwiOiJodHRwczpcL1wvcmVzdGF1cmFudGVjaGlub2FzaWEuY29tXC93cC1jb250ZW50XC91cGxvYWRzXC8yMDI2XC8wMlwvdW5uYW1lZC0xNy5qcGcifQ%3D%3D\">\n\t\t\t\t\t\t\t<img fetchpriority=\"high\" decoding=\"async\" width=\"765\" height=\"1020\" src=\"https:\/\/restaurantechinoasia.com\/wp-content\/uploads\/2026\/02\/unnamed-17.jpg\" class=\"attachment-full size-full wp-image-157\" alt=\"\" srcset=\"https:\/\/restaurantechinoasia.com\/wp-content\/uploads\/2026\/02\/unnamed-17.jpg 765w, https:\/\/restaurantechinoasia.com\/wp-content\/uploads\/2026\/02\/unnamed-17-225x300.jpg 225w, https:\/\/restaurantechinoasia.com\/wp-content\/uploads\/2026\/02\/unnamed-17-9x12.jpg 9w\" sizes=\"(max-width: 765px) 100vw, 765px\" \/>\t\t\t\t\t\t\t\t<\/a>\n\t\t\t\t\t\t\t\t\t\t\t\t\t\t\t<\/div>\n\t\t\t\t<\/div>\n\t\t\t\t\t<\/div>\n\t\t\t\t<\/div>\n\t\t<div class=\"elementor-element elementor-element-59bc27d e-flex e-con-boxed e-con e-parent\" data-id=\"59bc27d\" data-element_type=\"container\" data-e-type=\"container\" data-settings=\"{&quot;background_background&quot;:&quot;classic&quot;}\">\n\t\t\t\t\t<div class=\"e-con-inner\">\n\t\t\t\t<div class=\"elementor-element elementor-element-7ede75e elementor-widget__width-initial elementor-invisible elementor-widget elementor-widget-heading\" data-id=\"7ede75e\" data-element_type=\"widget\" data-e-type=\"widget\" data-settings=\"{&quot;_animation&quot;:&quot;fadeInRight&quot;}\" data-widget_type=\"heading.default\">\n\t\t\t\t\t<h2 class=\"elementor-heading-title elementor-size-default\">\u00a1Cada plato es una historia, cada sabor una tradici\u00f3n: disfruta de la verdadera cocina China Asia como nunca antes!<\/h2>\t\t\t\t<\/div>\n\t\t\t\t<div class=\"elementor-element elementor-element-4ff3793 elementor-align-center elementor-widget elementor-widget-button\" data-id=\"4ff3793\" data-element_type=\"widget\" data-e-type=\"widget\" data-widget_type=\"button.default\">\n\t\t\t\t\t\t\t\t\t\t<a class=\"elementor-button elementor-button-link elementor-size-sm\" href=\"\/servicios\">\n\t\t\t\t\t\t<span class=\"elementor-button-content-wrapper\">\n\t\t\t\t\t\t\t\t\t<span class=\"elementor-button-text\">Servicios<\/span>\n\t\t\t\t\t<\/span>\n\t\t\t\t\t<\/a>\n\t\t\t\t\t\t\t\t<\/div>\n\t\t\t\t\t<\/div>\n\t\t\t\t<\/div>\n\t\t<div class=\"elementor-element elementor-element-9f46bce e-flex e-con-boxed e-con e-parent\" data-id=\"9f46bce\" data-element_type=\"container\" data-e-type=\"container\" data-settings=\"{&quot;shape_divider_top&quot;:&quot;tilt&quot;,&quot;shape_divider_bottom&quot;:&quot;tilt&quot;}\">\n\t\t\t\t\t<div class=\"e-con-inner\">\n\t\t\t\t<div class=\"elementor-shape elementor-shape-top\" aria-hidden=\"true\" data-negative=\"false\">\n\t\t\t<svg xmlns=\"http:\/\/www.w3.org\/2000\/svg\" viewBox=\"0 0 1000 100\" preserveAspectRatio=\"none\">\n\t<path class=\"elementor-shape-fill\" d=\"M0,6V0h1000v100L0,6z\"\/>\n<\/svg>\t\t<\/div>\n\t\t\t\t<div class=\"elementor-shape elementor-shape-bottom\" aria-hidden=\"true\" data-negative=\"false\">\n\t\t\t<svg xmlns=\"http:\/\/www.w3.org\/2000\/svg\" viewBox=\"0 0 1000 100\" preserveAspectRatio=\"none\">\n\t<path class=\"elementor-shape-fill\" d=\"M0,6V0h1000v100L0,6z\"\/>\n<\/svg>\t\t<\/div>\n\t\t<div class=\"elementor-element elementor-element-95004d5 e-con-full e-flex e-con e-child\" data-id=\"95004d5\" data-element_type=\"container\" data-e-type=\"container\">\n\t\t\t\t<div class=\"elementor-element elementor-element-253f2e5 elementor-widget elementor-widget-image\" data-id=\"253f2e5\" data-element_type=\"widget\" data-e-type=\"widget\" data-widget_type=\"image.default\">\n\t\t\t\t\t\t\t\t\t\t\t\t\t\t\t\t<a href=\"https:\/\/restaurantechinoasia.com\/wp-content\/uploads\/2026\/02\/unnamed-5.jpg\" data-elementor-open-lightbox=\"yes\" data-elementor-lightbox-title=\"unnamed (5)\" data-e-action-hash=\"#elementor-action%3Aaction%3Dlightbox%26settings%3DeyJpZCI6MTY5LCJ1cmwiOiJodHRwczpcL1wvcmVzdGF1cmFudGVjaGlub2FzaWEuY29tXC93cC1jb250ZW50XC91cGxvYWRzXC8yMDI2XC8wMlwvdW5uYW1lZC01LmpwZyJ9\">\n\t\t\t\t\t\t\t<img decoding=\"async\" width=\"1360\" height=\"1020\" src=\"https:\/\/restaurantechinoasia.com\/wp-content\/uploads\/2026\/02\/unnamed-5.jpg\" class=\"attachment-full size-full wp-image-169\" alt=\"\" srcset=\"https:\/\/restaurantechinoasia.com\/wp-content\/uploads\/2026\/02\/unnamed-5.jpg 1360w, https:\/\/restaurantechinoasia.com\/wp-content\/uploads\/2026\/02\/unnamed-5-300x225.jpg 300w, https:\/\/restaurantechinoasia.com\/wp-content\/uploads\/2026\/02\/unnamed-5-1024x768.jpg 1024w, https:\/\/restaurantechinoasia.com\/wp-content\/uploads\/2026\/02\/unnamed-5-768x576.jpg 768w, https:\/\/restaurantechinoasia.com\/wp-content\/uploads\/2026\/02\/unnamed-5-16x12.jpg 16w\" sizes=\"(max-width: 1360px) 100vw, 1360px\" \/>\t\t\t\t\t\t\t\t<\/a>\n\t\t\t\t\t\t\t\t\t\t\t\t\t\t\t<\/div>\n\t\t\t\t<div class=\"elementor-element elementor-element-23dbdc1 elementor-hidden-desktop elementor-widget elementor-widget-image\" data-id=\"23dbdc1\" data-element_type=\"widget\" data-e-type=\"widget\" data-widget_type=\"image.default\">\n\t\t\t\t\t\t\t\t\t\t\t\t\t\t\t\t<a href=\"https:\/\/restaurantechinoasia.com\/wp-content\/uploads\/2026\/02\/unnamed-20.jpg\" data-elementor-open-lightbox=\"yes\" data-elementor-lightbox-title=\"unnamed (20)\" data-e-action-hash=\"#elementor-action%3Aaction%3Dlightbox%26settings%3DeyJpZCI6MTU0LCJ1cmwiOiJodHRwczpcL1wvcmVzdGF1cmFudGVjaGlub2FzaWEuY29tXC93cC1jb250ZW50XC91cGxvYWRzXC8yMDI2XC8wMlwvdW5uYW1lZC0yMC5qcGcifQ%3D%3D\">\n\t\t\t\t\t\t\t<img decoding=\"async\" width=\"1360\" height=\"1020\" src=\"https:\/\/restaurantechinoasia.com\/wp-content\/uploads\/2026\/02\/unnamed-20.jpg\" class=\"attachment-full size-full wp-image-154\" alt=\"\" srcset=\"https:\/\/restaurantechinoasia.com\/wp-content\/uploads\/2026\/02\/unnamed-20.jpg 1360w, https:\/\/restaurantechinoasia.com\/wp-content\/uploads\/2026\/02\/unnamed-20-300x225.jpg 300w, https:\/\/restaurantechinoasia.com\/wp-content\/uploads\/2026\/02\/unnamed-20-1024x768.jpg 1024w, https:\/\/restaurantechinoasia.com\/wp-content\/uploads\/2026\/02\/unnamed-20-768x576.jpg 768w, https:\/\/restaurantechinoasia.com\/wp-content\/uploads\/2026\/02\/unnamed-20-16x12.jpg 16w\" sizes=\"(max-width: 1360px) 100vw, 1360px\" \/>\t\t\t\t\t\t\t\t<\/a>\n\t\t\t\t\t\t\t\t\t\t\t\t\t\t\t<\/div>\n\t\t\t\t<\/div>\n\t\t<div class=\"elementor-element elementor-element-67e4b3a e-con-full e-flex e-con e-child\" data-id=\"67e4b3a\" data-element_type=\"container\" data-e-type=\"container\">\n\t\t\t\t<div class=\"elementor-element elementor-element-bc7519f elementor-widget elementor-widget-heading\" data-id=\"bc7519f\" data-element_type=\"widget\" data-e-type=\"widget\" data-widget_type=\"heading.default\">\n\t\t\t\t\t<h2 class=\"elementor-heading-title elementor-size-default\">\u00a1Un viaje a China Asia en cada bocado!<\/h2>\t\t\t\t<\/div>\n\t\t\t\t<div class=\"elementor-element elementor-element-16dac69 elementor-widget__width-initial elementor-widget elementor-widget-text-editor\" data-id=\"16dac69\" data-element_type=\"widget\" data-e-type=\"widget\" data-widget_type=\"text-editor.default\">\n\t\t\t\t\t\t\t\t\t<p>Adem\u00e1s, en su extensa carta destacan opciones exquisitas como la sopa de marisco con ma\u00edz, un plato que cautiva por su frescura, y diferentes tipos de tallarines y arroces que se adaptan a los diversos gustos y preferencias que buscan los clientes.<\/p><p>Este lugar es ideal para disfrutar de la aut\u00e9ntica cocina china, especialmente en las noches, cuando recibe la mayor\u00eda de sus pedidos y se llena de un ambiente vibrante.<\/p><p>Con una trayectoria de 35 a\u00f1os ofreciendo un servicio excepcional, se han ganado la confianza y la lealtad de sus clientes a lo largo del tiempo.<\/p>\t\t\t\t\t\t\t\t<\/div>\n\t\t\t\t<\/div>\n\t\t\t\t\t<\/div>\n\t\t\t\t<\/div>\n\t\t\t\t<\/div>\n\t\t","protected":false},"excerpt":{"rendered":"<p>\u00a1La magia de China Asia, servida en tu mesa! Sobre Nosotros Ofrece una variada y fascinante selecci\u00f3n de platos chinos que deleitan a los amantes de la buena gastronom\u00eda. Entre los m\u00e1s populares se encuentran, por supuesto, el delicioso arroz tres delicias, un cl\u00e1sico que combina sabores excepcionales; el arroz frito con pato asado, que [&hellip;]<\/p>\n","protected":false},"author":1,"featured_media":0,"parent":0,"menu_order":0,"comment_status":"closed","ping_status":"closed","template":"elementor_canvas","meta":{"footnotes":""},"class_list":["post-2","page","type-page","status-publish","hentry"],"yoast_head":"<!-- This site is optimized with the Yoast SEO plugin v27.3 - https:\/\/yoast.com\/product\/yoast-seo-wordpress\/ -->\n<title>Inicio - Restaurante Chino Asia<\/title>\n<meta name=\"robots\" content=\"index, follow, max-snippet:-1, max-image-preview:large, max-video-preview:-1\" \/>\n<link rel=\"canonical\" href=\"https:\/\/restaurantechinoasia.com\/eu\/\" \/>\n<meta property=\"og:locale\" content=\"en_US\" \/>\n<meta property=\"og:type\" content=\"article\" \/>\n<meta property=\"og:title\" content=\"Inicio - Restaurante Chino Asia\" \/>\n<meta property=\"og:description\" content=\"\u00a1La magia de China Asia, servida en tu mesa! Sobre Nosotros Ofrece una variada y fascinante selecci\u00f3n de platos chinos que deleitan a los amantes de la buena gastronom\u00eda. Entre los m\u00e1s populares se encuentran, por supuesto, el delicioso arroz tres delicias, un cl\u00e1sico que combina sabores excepcionales; el arroz frito con pato asado, que [&hellip;]\" \/>\n<meta property=\"og:url\" content=\"https:\/\/restaurantechinoasia.com\/eu\/\" \/>\n<meta property=\"og:site_name\" content=\"Restaurante Chino Asia\" \/>\n<meta property=\"article:modified_time\" content=\"2026-02-20T10:30:41+00:00\" \/>\n<meta property=\"og:image\" content=\"https:\/\/restaurantechinoasia.com\/wp-content\/uploads\/2026\/02\/unnamed-17.jpg\" \/>\n<meta name=\"twitter:card\" content=\"summary_large_image\" \/>\n<meta name=\"twitter:label1\" content=\"Est. reading time\" \/>\n\t<meta name=\"twitter:data1\" content=\"2 minutua\" \/>\n<script type=\"application\/ld+json\" class=\"yoast-schema-graph\">{\"@context\":\"https:\\\/\\\/schema.org\",\"@graph\":[{\"@type\":\"WebPage\",\"@id\":\"https:\\\/\\\/restaurantechinoasia.com\\\/\",\"url\":\"https:\\\/\\\/restaurantechinoasia.com\\\/\",\"name\":\"Inicio - Restaurante Chino Asia\",\"isPartOf\":{\"@id\":\"https:\\\/\\\/restaurantechinoasia.com\\\/#website\"},\"primaryImageOfPage\":{\"@id\":\"https:\\\/\\\/restaurantechinoasia.com\\\/#primaryimage\"},\"image\":{\"@id\":\"https:\\\/\\\/restaurantechinoasia.com\\\/#primaryimage\"},\"thumbnailUrl\":\"https:\\\/\\\/restaurantechinoasia.com\\\/wp-content\\\/uploads\\\/2026\\\/02\\\/unnamed-17.jpg\",\"datePublished\":\"2026-02-19T14:34:31+00:00\",\"dateModified\":\"2026-02-20T10:30:41+00:00\",\"breadcrumb\":{\"@id\":\"https:\\\/\\\/restaurantechinoasia.com\\\/#breadcrumb\"},\"inLanguage\":\"eu\",\"potentialAction\":[{\"@type\":\"ReadAction\",\"target\":[\"https:\\\/\\\/restaurantechinoasia.com\\\/\"]}]},{\"@type\":\"ImageObject\",\"inLanguage\":\"eu\",\"@id\":\"https:\\\/\\\/restaurantechinoasia.com\\\/#primaryimage\",\"url\":\"https:\\\/\\\/restaurantechinoasia.com\\\/wp-content\\\/uploads\\\/2026\\\/02\\\/unnamed-17.jpg\",\"contentUrl\":\"https:\\\/\\\/restaurantechinoasia.com\\\/wp-content\\\/uploads\\\/2026\\\/02\\\/unnamed-17.jpg\"},{\"@type\":\"BreadcrumbList\",\"@id\":\"https:\\\/\\\/restaurantechinoasia.com\\\/#breadcrumb\",\"itemListElement\":[{\"@type\":\"ListItem\",\"position\":1,\"name\":\"Portada\",\"item\":\"https:\\\/\\\/restaurantechinoasia.com\\\/\"},{\"@type\":\"ListItem\",\"position\":2,\"name\":\"Inicio\"}]},{\"@type\":\"WebSite\",\"@id\":\"https:\\\/\\\/restaurantechinoasia.com\\\/#website\",\"url\":\"https:\\\/\\\/restaurantechinoasia.com\\\/\",\"name\":\"Restaurante Chino Asia\",\"description\":\"Restaurante Chino Asia\",\"publisher\":{\"@id\":\"https:\\\/\\\/restaurantechinoasia.com\\\/#organization\"},\"potentialAction\":[{\"@type\":\"SearchAction\",\"target\":{\"@type\":\"EntryPoint\",\"urlTemplate\":\"https:\\\/\\\/restaurantechinoasia.com\\\/?s={search_term_string}\"},\"query-input\":{\"@type\":\"PropertyValueSpecification\",\"valueRequired\":true,\"valueName\":\"search_term_string\"}}],\"inLanguage\":\"eu\"},{\"@type\":\"Organization\",\"@id\":\"https:\\\/\\\/restaurantechinoasia.com\\\/#organization\",\"name\":\"Restaurante Chino Asia\",\"url\":\"https:\\\/\\\/restaurantechinoasia.com\\\/\",\"logo\":{\"@type\":\"ImageObject\",\"inLanguage\":\"eu\",\"@id\":\"https:\\\/\\\/restaurantechinoasia.com\\\/#\\\/schema\\\/logo\\\/image\\\/\",\"url\":\"https:\\\/\\\/restaurantechinoasia.com\\\/wp-content\\\/uploads\\\/2026\\\/02\\\/logo_web.png\",\"contentUrl\":\"https:\\\/\\\/restaurantechinoasia.com\\\/wp-content\\\/uploads\\\/2026\\\/02\\\/logo_web.png\",\"width\":1080,\"height\":1080,\"caption\":\"Restaurante Chino Asia\"},\"image\":{\"@id\":\"https:\\\/\\\/restaurantechinoasia.com\\\/#\\\/schema\\\/logo\\\/image\\\/\"}}]}<\/script>\n<!-- \/ Yoast SEO plugin. -->","yoast_head_json":{"title":"Inicio - Restaurante Chino Asia","robots":{"index":"index","follow":"follow","max-snippet":"max-snippet:-1","max-image-preview":"max-image-preview:large","max-video-preview":"max-video-preview:-1"},"canonical":"https:\/\/restaurantechinoasia.com\/eu\/","og_locale":"en_US","og_type":"article","og_title":"Inicio - Restaurante Chino Asia","og_description":"\u00a1La magia de China Asia, servida en tu mesa! Sobre Nosotros Ofrece una variada y fascinante selecci\u00f3n de platos chinos que deleitan a los amantes de la buena gastronom\u00eda. Entre los m\u00e1s populares se encuentran, por supuesto, el delicioso arroz tres delicias, un cl\u00e1sico que combina sabores excepcionales; el arroz frito con pato asado, que [&hellip;]","og_url":"https:\/\/restaurantechinoasia.com\/eu\/","og_site_name":"Restaurante Chino Asia","article_modified_time":"2026-02-20T10:30:41+00:00","og_image":[{"url":"https:\/\/restaurantechinoasia.com\/wp-content\/uploads\/2026\/02\/unnamed-17.jpg","type":"","width":"","height":""}],"twitter_card":"summary_large_image","twitter_misc":{"Est. reading time":"2 minutua"},"schema":{"@context":"https:\/\/schema.org","@graph":[{"@type":"WebPage","@id":"https:\/\/restaurantechinoasia.com\/","url":"https:\/\/restaurantechinoasia.com\/","name":"Inicio - Restaurante Chino Asia","isPartOf":{"@id":"https:\/\/restaurantechinoasia.com\/#website"},"primaryImageOfPage":{"@id":"https:\/\/restaurantechinoasia.com\/#primaryimage"},"image":{"@id":"https:\/\/restaurantechinoasia.com\/#primaryimage"},"thumbnailUrl":"https:\/\/restaurantechinoasia.com\/wp-content\/uploads\/2026\/02\/unnamed-17.jpg","datePublished":"2026-02-19T14:34:31+00:00","dateModified":"2026-02-20T10:30:41+00:00","breadcrumb":{"@id":"https:\/\/restaurantechinoasia.com\/#breadcrumb"},"inLanguage":"eu","potentialAction":[{"@type":"ReadAction","target":["https:\/\/restaurantechinoasia.com\/"]}]},{"@type":"ImageObject","inLanguage":"eu","@id":"https:\/\/restaurantechinoasia.com\/#primaryimage","url":"https:\/\/restaurantechinoasia.com\/wp-content\/uploads\/2026\/02\/unnamed-17.jpg","contentUrl":"https:\/\/restaurantechinoasia.com\/wp-content\/uploads\/2026\/02\/unnamed-17.jpg"},{"@type":"BreadcrumbList","@id":"https:\/\/restaurantechinoasia.com\/#breadcrumb","itemListElement":[{"@type":"ListItem","position":1,"name":"Portada","item":"https:\/\/restaurantechinoasia.com\/"},{"@type":"ListItem","position":2,"name":"Inicio"}]},{"@type":"WebSite","@id":"https:\/\/restaurantechinoasia.com\/#website","url":"https:\/\/restaurantechinoasia.com\/","name":"Restaurante Chino Asia","description":"Restaurante Chino Asia","publisher":{"@id":"https:\/\/restaurantechinoasia.com\/#organization"},"potentialAction":[{"@type":"SearchAction","target":{"@type":"EntryPoint","urlTemplate":"https:\/\/restaurantechinoasia.com\/?s={search_term_string}"},"query-input":{"@type":"PropertyValueSpecification","valueRequired":true,"valueName":"search_term_string"}}],"inLanguage":"eu"},{"@type":"Organization","@id":"https:\/\/restaurantechinoasia.com\/#organization","name":"Restaurante Chino Asia","url":"https:\/\/restaurantechinoasia.com\/","logo":{"@type":"ImageObject","inLanguage":"eu","@id":"https:\/\/restaurantechinoasia.com\/#\/schema\/logo\/image\/","url":"https:\/\/restaurantechinoasia.com\/wp-content\/uploads\/2026\/02\/logo_web.png","contentUrl":"https:\/\/restaurantechinoasia.com\/wp-content\/uploads\/2026\/02\/logo_web.png","width":1080,"height":1080,"caption":"Restaurante Chino Asia"},"image":{"@id":"https:\/\/restaurantechinoasia.com\/#\/schema\/logo\/image\/"}}]}},"_links":{"self":[{"href":"https:\/\/restaurantechinoasia.com\/eu\/wp-json\/wp\/v2\/pages\/2","targetHints":{"allow":["GET"]}}],"collection":[{"href":"https:\/\/restaurantechinoasia.com\/eu\/wp-json\/wp\/v2\/pages"}],"about":[{"href":"https:\/\/restaurantechinoasia.com\/eu\/wp-json\/wp\/v2\/types\/page"}],"author":[{"embeddable":true,"href":"https:\/\/restaurantechinoasia.com\/eu\/wp-json\/wp\/v2\/users\/1"}],"replies":[{"embeddable":true,"href":"https:\/\/restaurantechinoasia.com\/eu\/wp-json\/wp\/v2\/comments?post=2"}],"version-history":[{"count":220,"href":"https:\/\/restaurantechinoasia.com\/eu\/wp-json\/wp\/v2\/pages\/2\/revisions"}],"predecessor-version":[{"id":555,"href":"https:\/\/restaurantechinoasia.com\/eu\/wp-json\/wp\/v2\/pages\/2\/revisions\/555"}],"wp:attachment":[{"href":"https:\/\/restaurantechinoasia.com\/eu\/wp-json\/wp\/v2\/media?parent=2"}],"curies":[{"name":"wp","href":"https:\/\/api.w.org\/{rel}","templated":true}]}}